{"id":17793,"date":"2023-11-08T11:43:05","date_gmt":"2023-11-08T11:43:05","guid":{"rendered":"https:\/\/www.madblue.es\/?page_id=17793"},"modified":"2025-03-25T11:39:30","modified_gmt":"2025-03-25T11:39:30","slug":"madblue-hub-noviembre-2023","status":"publish","type":"page","link":"https:\/\/2025.madblue-hq.wildoomlab.com\/es\/madblue-hub-noviembre-2023\/","title":{"rendered":"MadBlue Hub Noviembre 2023"},"content":{"rendered":"","protected":false},"excerpt":{"rendered":"","protected":false},"author":2,"featured_media":0,"parent":0,"menu_order":60,"comment_status":"closed","ping_status":"closed","template":"","meta":{"_acf_changed":false,"_monsterinsights_skip_tracking":false,"_monsterinsights_sitenote_active":false,"_monsterinsights_sitenote_note":"","_monsterinsights_sitenote_category":0,"footnotes":""},"hashtags":[],"class_list":["post-17793","page","type-page","status-publish","hentry"],"acf":[],"yoast_head":"<!-- This site is optimized with the Yoast SEO plugin v26.8 - https:\/\/yoast.com\/product\/yoast-seo-wordpress\/ -->\n<title>MadBlue Hub Noviembre 2023 - MadBlue 2025<\/title>\n<meta name=\"description\" content=\"El encuentro tiene como objetivo arrojar luz sobre la inversi\u00f3n transfronteriza y las oportunidades relacionadas con compa\u00f1\u00edas de nueva creaci\u00f3n en ambas regiones. Para ello, hemos planteado dos mesas redondas breves, de 40 mins cada una, seguidas por un caf\u00e9 de 30 mins.\" \/>\n<meta name=\"robots\" content=\"index, follow, max-snippet:-1, max-image-preview:large, max-video-preview:-1\" \/>\n<link rel=\"canonical\" href=\"https:\/\/2025.madblue-hq.wildoomlab.com\/es\/madblue-hub-noviembre-2023\/\" \/>\n<meta property=\"og:locale\" content=\"es_ES\" \/>\n<meta property=\"og:type\" content=\"article\" \/>\n<meta property=\"og:title\" content=\"MadBlue Hub Noviembre 2023 - MadBlue 2025\" \/>\n<meta property=\"og:description\" content=\"El encuentro tiene como objetivo arrojar luz sobre la inversi\u00f3n transfronteriza y las oportunidades relacionadas con compa\u00f1\u00edas de nueva creaci\u00f3n en ambas regiones. Para ello, hemos planteado dos mesas redondas breves, de 40 mins cada una, seguidas por un caf\u00e9 de 30 mins.\" \/>\n<meta property=\"og:url\" content=\"https:\/\/2025.madblue-hq.wildoomlab.com\/es\/madblue-hub-noviembre-2023\/\" \/>\n<meta property=\"og:site_name\" content=\"MadBlue 2025\" \/>\n<meta property=\"article:modified_time\" content=\"2025-03-25T11:39:30+00:00\" \/>\n<meta name=\"twitter:card\" content=\"summary_large_image\" \/>\n<script type=\"application\/ld+json\" class=\"yoast-schema-graph\">{\"@context\":\"https:\/\/schema.org\",\"@graph\":[{\"@type\":\"WebPage\",\"@id\":\"https:\/\/2025.madblue-hq.wildoomlab.com\/es\/madblue-hub-noviembre-2023\/\",\"url\":\"https:\/\/2025.madblue-hq.wildoomlab.com\/es\/madblue-hub-noviembre-2023\/\",\"name\":\"MadBlue Hub Noviembre 2023 - MadBlue 2025\",\"isPartOf\":{\"@id\":\"https:\/\/2025.madblue-hq.wildoomlab.com\/es\/#website\"},\"datePublished\":\"2023-11-08T11:43:05+00:00\",\"dateModified\":\"2025-03-25T11:39:30+00:00\",\"description\":\"El encuentro tiene como objetivo arrojar luz sobre la inversi\u00f3n transfronteriza y las oportunidades relacionadas con compa\u00f1\u00edas de nueva creaci\u00f3n en ambas regiones. Para ello, hemos planteado dos mesas redondas breves, de 40 mins cada una, seguidas por un caf\u00e9 de 30 mins.\",\"breadcrumb\":{\"@id\":\"https:\/\/2025.madblue-hq.wildoomlab.com\/es\/madblue-hub-noviembre-2023\/#breadcrumb\"},\"inLanguage\":\"es\",\"potentialAction\":[{\"@type\":\"ReadAction\",\"target\":[\"https:\/\/2025.madblue-hq.wildoomlab.com\/es\/madblue-hub-noviembre-2023\/\"]}]},{\"@type\":\"BreadcrumbList\",\"@id\":\"https:\/\/2025.madblue-hq.wildoomlab.com\/es\/madblue-hub-noviembre-2023\/#breadcrumb\",\"itemListElement\":[{\"@type\":\"ListItem\",\"position\":1,\"name\":\"Portada\",\"item\":\"https:\/\/2025.madblue-hq.wildoomlab.com\/es\/\"},{\"@type\":\"ListItem\",\"position\":2,\"name\":\"MadBlue Hub Noviembre 2023\"}]},{\"@type\":\"WebSite\",\"@id\":\"https:\/\/2025.madblue-hq.wildoomlab.com\/es\/#website\",\"url\":\"https:\/\/2025.madblue-hq.wildoomlab.com\/es\/\",\"name\":\"MadBlue 2025\",\"description\":\"\",\"potentialAction\":[{\"@type\":\"SearchAction\",\"target\":{\"@type\":\"EntryPoint\",\"urlTemplate\":\"https:\/\/2025.madblue-hq.wildoomlab.com\/es\/?s={search_term_string}\"},\"query-input\":{\"@type\":\"PropertyValueSpecification\",\"valueRequired\":true,\"valueName\":\"search_term_string\"}}],\"inLanguage\":\"es\"}]}<\/script>\n<!-- \/ Yoast SEO plugin. -->","yoast_head_json":{"title":"MadBlue Hub Noviembre 2023 - MadBlue 2025","description":"El encuentro tiene como objetivo arrojar luz sobre la inversi\u00f3n transfronteriza y las oportunidades relacionadas con compa\u00f1\u00edas de nueva creaci\u00f3n en ambas regiones. Para ello, hemos planteado dos mesas redondas breves, de 40 mins cada una, seguidas por un caf\u00e9 de 30 mins.","robots":{"index":"index","follow":"follow","max-snippet":"max-snippet:-1","max-image-preview":"max-image-preview:large","max-video-preview":"max-video-preview:-1"},"canonical":"https:\/\/2025.madblue-hq.wildoomlab.com\/es\/madblue-hub-noviembre-2023\/","og_locale":"es_ES","og_type":"article","og_title":"MadBlue Hub Noviembre 2023 - MadBlue 2025","og_description":"El encuentro tiene como objetivo arrojar luz sobre la inversi\u00f3n transfronteriza y las oportunidades relacionadas con compa\u00f1\u00edas de nueva creaci\u00f3n en ambas regiones. Para ello, hemos planteado dos mesas redondas breves, de 40 mins cada una, seguidas por un caf\u00e9 de 30 mins.","og_url":"https:\/\/2025.madblue-hq.wildoomlab.com\/es\/madblue-hub-noviembre-2023\/","og_site_name":"MadBlue 2025","article_modified_time":"2025-03-25T11:39:30+00:00","twitter_card":"summary_large_image","schema":{"@context":"https:\/\/schema.org","@graph":[{"@type":"WebPage","@id":"https:\/\/2025.madblue-hq.wildoomlab.com\/es\/madblue-hub-noviembre-2023\/","url":"https:\/\/2025.madblue-hq.wildoomlab.com\/es\/madblue-hub-noviembre-2023\/","name":"MadBlue Hub Noviembre 2023 - MadBlue 2025","isPartOf":{"@id":"https:\/\/2025.madblue-hq.wildoomlab.com\/es\/#website"},"datePublished":"2023-11-08T11:43:05+00:00","dateModified":"2025-03-25T11:39:30+00:00","description":"El encuentro tiene como objetivo arrojar luz sobre la inversi\u00f3n transfronteriza y las oportunidades relacionadas con compa\u00f1\u00edas de nueva creaci\u00f3n en ambas regiones. Para ello, hemos planteado dos mesas redondas breves, de 40 mins cada una, seguidas por un caf\u00e9 de 30 mins.","breadcrumb":{"@id":"https:\/\/2025.madblue-hq.wildoomlab.com\/es\/madblue-hub-noviembre-2023\/#breadcrumb"},"inLanguage":"es","potentialAction":[{"@type":"ReadAction","target":["https:\/\/2025.madblue-hq.wildoomlab.com\/es\/madblue-hub-noviembre-2023\/"]}]},{"@type":"BreadcrumbList","@id":"https:\/\/2025.madblue-hq.wildoomlab.com\/es\/madblue-hub-noviembre-2023\/#breadcrumb","itemListElement":[{"@type":"ListItem","position":1,"name":"Portada","item":"https:\/\/2025.madblue-hq.wildoomlab.com\/es\/"},{"@type":"ListItem","position":2,"name":"MadBlue Hub Noviembre 2023"}]},{"@type":"WebSite","@id":"https:\/\/2025.madblue-hq.wildoomlab.com\/es\/#website","url":"https:\/\/2025.madblue-hq.wildoomlab.com\/es\/","name":"MadBlue 2025","description":"","potentialAction":[{"@type":"SearchAction","target":{"@type":"EntryPoint","urlTemplate":"https:\/\/2025.madblue-hq.wildoomlab.com\/es\/?s={search_term_string}"},"query-input":{"@type":"PropertyValueSpecification","valueRequired":true,"valueName":"search_term_string"}}],"inLanguage":"es"}]}},"_links":{"self":[{"href":"https:\/\/2025.madblue-hq.wildoomlab.com\/es\/wp-json\/wp\/v2\/pages\/17793","targetHints":{"allow":["GET"]}}],"collection":[{"href":"https:\/\/2025.madblue-hq.wildoomlab.com\/es\/wp-json\/wp\/v2\/pages"}],"about":[{"href":"https:\/\/2025.madblue-hq.wildoomlab.com\/es\/wp-json\/wp\/v2\/types\/page"}],"author":[{"embeddable":true,"href":"https:\/\/2025.madblue-hq.wildoomlab.com\/es\/wp-json\/wp\/v2\/users\/2"}],"replies":[{"embeddable":true,"href":"https:\/\/2025.madblue-hq.wildoomlab.com\/es\/wp-json\/wp\/v2\/comments?post=17793"}],"version-history":[{"count":0,"href":"https:\/\/2025.madblue-hq.wildoomlab.com\/es\/wp-json\/wp\/v2\/pages\/17793\/revisions"}],"wp:attachment":[{"href":"https:\/\/2025.madblue-hq.wildoomlab.com\/es\/wp-json\/wp\/v2\/media?parent=17793"}],"wp:term":[{"taxonomy":"hashtags","embeddable":true,"href":"https:\/\/2025.madblue-hq.wildoomlab.com\/es\/wp-json\/wp\/v2\/hashtags?post=17793"}],"curies":[{"name":"wp","href":"https:\/\/api.w.org\/{rel}","templated":true}]}}